{"id":1062,"date":"2022-08-09T13:40:10","date_gmt":"2022-08-09T16:40:10","guid":{"rendered":"http:\/\/hcsobral.com.br\/?page_id=1062"},"modified":"2022-08-09T14:04:05","modified_gmt":"2022-08-09T17:04:05","slug":"convenio-sus","status":"publish","type":"page","link":"http:\/\/hcsobral.com.br\/?page_id=1062","title":{"rendered":"Conv\u00eanio SUS"},"content":{"rendered":"\n<p>Conv\u00eanios em vigor<\/p>\n\n\n<p><style>\n  .wrapper-folder-link {min-height: 30vh;display: grid;grid-gap: 50px;grid-template-columns: repeat(auto-fill,minmax(140px,1fr));<br \/>\n    grid-template-rows: repeat(auto-fill,150px);}.folder-link img { width: 100%;}.folder-link a {   width: 60%;}.folder-link {   display: flex;    flex-direction: column;align-items: center;   font-weight: 400; }.folder-link p { display: none; font-size:small; }<\/style><\/p>\n<div class=\"wrapper-folder-link\">\n<div class=\"folder-link\"><a href=\"http:\/\/hcsobral.com.br\/?page_id=1071\"><img decoding=\"async\" src=\"http:\/\/hcsobral.com.br\/wp-content\/uploads\/2022\/07\/icone-de-dossier-symbole-png-jaune.png\" alt=\"sistema-padronizacao\"><\/a>&nbsp;\n<p>&nbsp;<\/p>\n<h6 style=\"top: -15px;\"><a href=\"http:\/\/hcsobral.com.br\/?page_id=1071\">Conv\u00eanios em vigor<\/a><\/h6>\n<\/div>\n<div class=\"folder-link\"><a href=\"http:\/\/hcsobral.com.br\/?page_id=1076\"><img decoding=\"async\" src=\"http:\/\/hcsobral.com.br\/wp-content\/uploads\/2022\/07\/icone-de-dossier-symbole-png-jaune.png\" alt=\"sistema-padronizacao\"><\/a>&nbsp;\n<p>&nbsp;<\/p>\n<h6 style=\"top: -15px;\"><a href=\"http:\/\/hcsobral.com.br\/?page_id=1076\">Conv\u00eanios Anteriores<\/a><\/h6>\n<\/div>\n<\/div>\n<hr>","protected":false},"excerpt":{"rendered":"<p>Conv\u00eanios em vigor &nbsp; &nbsp; Conv\u00eanios em vigor &nbsp; &nbsp; Conv\u00eanios Anteriores<\/p>\n","protected":false},"author":1,"featured_media":0,"parent":0,"menu_order":0,"comment_status":"closed","ping_status":"closed","template":"","meta":{"_editorskit_title_hidden":false,"_editorskit_reading_time":0,"_editorskit_is_block_options_detached":false,"_editorskit_block_options_position":"{}","footnotes":""},"class_list":["post-1062","page","type-page","status-publish","hentry"],"_links":{"self":[{"href":"http:\/\/hcsobral.com.br\/index.php?rest_route=\/wp\/v2\/pages\/1062","targetHints":{"allow":["GET"]}}],"collection":[{"href":"http:\/\/hcsobral.com.br\/index.php?rest_route=\/wp\/v2\/pages"}],"about":[{"href":"http:\/\/hcsobral.com.br\/index.php?rest_route=\/wp\/v2\/types\/page"}],"author":[{"embeddable":true,"href":"http:\/\/hcsobral.com.br\/index.php?rest_route=\/wp\/v2\/users\/1"}],"replies":[{"embeddable":true,"href":"http:\/\/hcsobral.com.br\/index.php?rest_route=%2Fwp%2Fv2%2Fcomments&post=1062"}],"version-history":[{"count":5,"href":"http:\/\/hcsobral.com.br\/index.php?rest_route=\/wp\/v2\/pages\/1062\/revisions"}],"predecessor-version":[{"id":1079,"href":"http:\/\/hcsobral.com.br\/index.php?rest_route=\/wp\/v2\/pages\/1062\/revisions\/1079"}],"wp:attachment":[{"href":"http:\/\/hcsobral.com.br\/index.php?rest_route=%2Fwp%2Fv2%2Fmedia&parent=1062"}],"curies":[{"name":"wp","href":"https:\/\/api.w.org\/{rel}","templated":true}]}}