{"id":203,"date":"2022-02-11T09:09:09","date_gmt":"2022-02-11T12:09:09","guid":{"rendered":"http:\/\/hcsobral.com.br\/?page_id=203"},"modified":"2026-03-18T08:12:43","modified_gmt":"2026-03-18T11:12:43","slug":"administracao","status":"publish","type":"page","link":"https:\/\/hcsobral.com.br\/?page_id=203","title":{"rendered":"Administra\u00e7\u00e3o"},"content":{"rendered":"\n<pre class=\"wp-block-verse has-text-align-center\" style=\"font-size:16px\">\u2022 <strong>Provedor do Complexo Santa Casa de Miseric\u00f3rdia de Sobral<\/strong><br><br>Bispo Dom Jos\u00e9 Luiz Gomes de Vasconcelos<br><br>\u2022 <strong>Diretor-Geral do Complexo Santa Casa de Miseric\u00f3rdia de Sobral<br><\/strong><br>Frei Bartolomeu<br><br>\u2022 <strong>Diretor T\u00e9cnico do Hospital do Cora\u00e7\u00e3o de Sobral <br><\/strong><br><br><br>\u2022<strong> Diretor de Enfermagem do <strong>Hospital do Cora\u00e7\u00e3o de Sobral<\/strong><\/strong><br><br>Jo\u00e3o Breno Cavalcante Costa<br><br><br><br>                \u2022 <strong>Organograma da Institui\u00e7\u00e3o<br><\/strong><br><\/pre>\n\n\n<div class=\"wp-block-image is-style-default\">\n<figure class=\"aligncenter size-large\"><img loading=\"lazy\" decoding=\"async\" width=\"904\" height=\"1024\" src=\"http:\/\/hcsobral.com.br\/wp-content\/uploads\/2022\/07\/V.4-ORGDGER002-Organograma-1_page-0001-1-904x1024.jpg\" alt=\"\" class=\"wp-image-916\" srcset=\"https:\/\/hcsobral.com.br\/wp-content\/uploads\/2022\/07\/V.4-ORGDGER002-Organograma-1_page-0001-1-904x1024.jpg 904w, https:\/\/hcsobral.com.br\/wp-content\/uploads\/2022\/07\/V.4-ORGDGER002-Organograma-1_page-0001-1-265x300.jpg 265w, https:\/\/hcsobral.com.br\/wp-content\/uploads\/2022\/07\/V.4-ORGDGER002-Organograma-1_page-0001-1-768x869.jpg 768w, https:\/\/hcsobral.com.br\/wp-content\/uploads\/2022\/07\/V.4-ORGDGER002-Organograma-1_page-0001-1-750x849.jpg 750w, https:\/\/hcsobral.com.br\/wp-content\/uploads\/2022\/07\/V.4-ORGDGER002-Organograma-1_page-0001-1-300x340.jpg 300w, https:\/\/hcsobral.com.br\/wp-content\/uploads\/2022\/07\/V.4-ORGDGER002-Organograma-1_page-0001-1.jpg 1241w\" sizes=\"auto, (max-width: 904px) 100vw, 904px\" \/><\/figure>\n<\/div>","protected":false},"excerpt":{"rendered":"<p>\u2022 Provedor do Complexo Santa Casa de Miseric\u00f3rdia de SobralBispo Dom Jos\u00e9 Luiz Gomes de Vasconcelos\u2022 Diretor-Geral do Complexo Santa Casa de Miseric\u00f3rdia de SobralFrei Bartolomeu\u2022 Diretor T\u00e9cnico do Hospital do Cora\u00e7\u00e3o de Sobral \u2022 Diretor de Enfermagem do Hospital do Cora\u00e7\u00e3o de SobralJo\u00e3o Breno Cavalcante Costa \u2022 Organograma da Institui\u00e7\u00e3o<\/p>\n","protected":false},"author":1,"featured_media":0,"parent":0,"menu_order":0,"comment_status":"closed","ping_status":"closed","template":"","meta":{"_editorskit_title_hidden":false,"_editorskit_reading_time":0,"_editorskit_is_block_options_detached":false,"_editorskit_block_options_position":"{}","footnotes":""},"class_list":["post-203","page","type-page","status-publish","hentry"],"_links":{"self":[{"href":"https:\/\/hcsobral.com.br\/index.php?rest_route=\/wp\/v2\/pages\/203","targetHints":{"allow":["GET"]}}],"collection":[{"href":"https:\/\/hcsobral.com.br\/index.php?rest_route=\/wp\/v2\/pages"}],"about":[{"href":"https:\/\/hcsobral.com.br\/index.php?rest_route=\/wp\/v2\/types\/page"}],"author":[{"embeddable":true,"href":"https:\/\/hcsobral.com.br\/index.php?rest_route=\/wp\/v2\/users\/1"}],"replies":[{"embeddable":true,"href":"https:\/\/hcsobral.com.br\/index.php?rest_route=%2Fwp%2Fv2%2Fcomments&post=203"}],"version-history":[{"count":14,"href":"https:\/\/hcsobral.com.br\/index.php?rest_route=\/wp\/v2\/pages\/203\/revisions"}],"predecessor-version":[{"id":5338,"href":"https:\/\/hcsobral.com.br\/index.php?rest_route=\/wp\/v2\/pages\/203\/revisions\/5338"}],"wp:attachment":[{"href":"https:\/\/hcsobral.com.br\/index.php?rest_route=%2Fwp%2Fv2%2Fmedia&parent=203"}],"curies":[{"name":"wp","href":"https:\/\/api.w.org\/{rel}","templated":true}]}}