{"id":343,"date":"2022-03-29T13:27:59","date_gmt":"2022-03-29T16:27:59","guid":{"rendered":"http:\/\/hcsobral.com.br\/?page_id=343"},"modified":"2023-07-18T13:56:24","modified_gmt":"2023-07-18T16:56:24","slug":"corpo-clinico","status":"publish","type":"page","link":"https:\/\/hcsobral.com.br\/?page_id=343","title":{"rendered":"Corpo Cl\u00ednico"},"content":{"rendered":"\n<p>O corpo cl\u00ednico da Hospital do Cora\u00e7\u00e3o de Sobral \u00e9 composto por m\u00e9dicos e residentes que trabalham em parceria com uma equipe multidisciplinar composta por enfermeiros, fisioterapeutas, nutricionistas, farmac\u00eauticos, entre outros profissionais. Oferecer assist\u00eancia com qualidade e humaniza\u00e7\u00e3o \u00e9 o compromisso da institui\u00e7\u00e3o, por isso a busca pela melhoria no padr\u00e3o de qualidade assistencial \u00e9 cont\u00ednua.<\/p>\n\n\n\n<p>Nossa equipe m\u00e9dica se destaca tamb\u00e9m pelo atendimento acolhedor e humanizado, que entende que a vida humana \u00e9 de imensur\u00e1vel valor. E por ela se dedica diariamente com profissionalismo, respeito e empatia, dando atendimento integral ao paciente de acordo com suas necessidades.<\/p>\n\n\n\n<p>Sa\u00fade com excel\u00eancia caminha com pesquisa e busca por conhecimentos. Assim nossa equipe m\u00e9dica, sempre comprometida e focada em oferecer o melhor tratamento e acolhimento aos pacientes e familiares, est\u00e1 tamb\u00e9m conectada a trazer inova\u00e7\u00f5es e desenvolver as melhores pr\u00e1ticas.<\/p>\n\n\n\n<p class=\"has-text-align-center\"><\/p>\n","protected":false},"excerpt":{"rendered":"<p>O corpo cl\u00ednico da Hospital do Cora\u00e7\u00e3o de Sobral \u00e9 composto por m\u00e9dicos e residentes que trabalham em parceria com uma equipe multidisciplinar composta por enfermeiros, fisioterapeutas, nutricionistas, farmac\u00eauticos, entre outros profissionais. Oferecer assist\u00eancia com qualidade e humaniza\u00e7\u00e3o \u00e9 o compromisso da institui\u00e7\u00e3o, por isso a busca pela melhoria no padr\u00e3o de qualidade assistencial \u00e9 [&hellip;]<\/p>\n","protected":false},"author":1,"featured_media":0,"parent":0,"menu_order":0,"comment_status":"closed","ping_status":"closed","template":"","meta":{"_editorskit_title_hidden":false,"_editorskit_reading_time":0,"_editorskit_is_block_options_detached":false,"_editorskit_block_options_position":"{}","footnotes":""},"class_list":["post-343","page","type-page","status-publish","hentry"],"_links":{"self":[{"href":"https:\/\/hcsobral.com.br\/index.php?rest_route=\/wp\/v2\/pages\/343","targetHints":{"allow":["GET"]}}],"collection":[{"href":"https:\/\/hcsobral.com.br\/index.php?rest_route=\/wp\/v2\/pages"}],"about":[{"href":"https:\/\/hcsobral.com.br\/index.php?rest_route=\/wp\/v2\/types\/page"}],"author":[{"embeddable":true,"href":"https:\/\/hcsobral.com.br\/index.php?rest_route=\/wp\/v2\/users\/1"}],"replies":[{"embeddable":true,"href":"https:\/\/hcsobral.com.br\/index.php?rest_route=%2Fwp%2Fv2%2Fcomments&post=343"}],"version-history":[{"count":5,"href":"https:\/\/hcsobral.com.br\/index.php?rest_route=\/wp\/v2\/pages\/343\/revisions"}],"predecessor-version":[{"id":1541,"href":"https:\/\/hcsobral.com.br\/index.php?rest_route=\/wp\/v2\/pages\/343\/revisions\/1541"}],"wp:attachment":[{"href":"https:\/\/hcsobral.com.br\/index.php?rest_route=%2Fwp%2Fv2%2Fmedia&parent=343"}],"curies":[{"name":"wp","href":"https:\/\/api.w.org\/{rel}","templated":true}]}}