{"id":3438,"date":"2024-11-20T15:22:35","date_gmt":"2024-11-20T18:22:35","guid":{"rendered":"https:\/\/hcsobral.com.br\/?page_id=3438"},"modified":"2025-11-11T13:19:15","modified_gmt":"2025-11-11T16:19:15","slug":"canal-de-denuncias","status":"publish","type":"page","link":"https:\/\/hcsobral.com.br\/?page_id=3438","title":{"rendered":"Canal de Den\u00fancias"},"content":{"rendered":"\n<p>\ud83d\udde3\ufe0f O canal de den\u00fancias do Hospital do Cora\u00e7\u00e3o \u00e9 uma ferramenta segura e confidencial, destinado a receber relatos de irregularidades, comportamentos inadequados ou pr\u00e1ticas que violem os valores institucionais e\/ou normativas internas.<\/p>\n<p>Ele garante ao denunciante que as informa\u00e7\u00f5es ser\u00e3o tratadas em um ambiente \u00e9tico e transparente, contribuindo para a melhoria cont\u00ednua dos servi\u00e7os prestados.<\/p>\n<p>O canal \u00e9 acess\u00edvel a colaboradores, pacientes e outros p\u00fablicos, com procedimentos claros para registros, an\u00e1lise e tratamento das den\u00fancias.<\/p>\n<p><strong>Os denunciantes devem apenas indicar dados pessoais e contato telef\u00f4nico com fins de facilitar eventual processo de averigua\u00e7\u00e3o dos fatos e para que seja poss\u00edvel informar ao denunciante o resultado final. N\u00e3o se faz necess\u00e1rio a apresenta\u00e7\u00e3o de documentos a fim de evitar exposi\u00e7\u00e3o de informa\u00e7\u00f5es sens\u00edveis.<\/strong><\/p>\n<p>A apresenta\u00e7\u00e3o de representa\u00e7\u00e3o (den\u00fancia) falsa pode acarretar a responsabiliza\u00e7\u00e3o do manifestante nos crimes de denuncia\u00e7\u00e3o caluniosa e comunica\u00e7\u00e3o falsa de crime ou contraven\u00e7\u00e3o, conforme previsto nos arts. 339 e 340 do C\u00f3digo Penal.<\/p>\n<p>Representa\u00e7\u00f5es (den\u00fancias) an\u00f4nimas devem ser encaminhadas via postal para o endere\u00e7o do Hospital do Cora\u00e7\u00e3o \u2013 SETOR JUR\u00cdDICO \u2013 Av. Gerardo Rangel, 715 &#8211; Derby Clube, Sobral &#8211; CE, 62041-380.<\/p>\n<p>Salvo nas hip\u00f3teses de representa\u00e7\u00f5es (den\u00fancias) an\u00f4nimas, \u00e9 imprescind\u00edvel apenas indicar dados pessoais nos campos pr\u00f3prios do formul\u00e1rio de den\u00fancia, a fim de evitar exposi\u00e7\u00e3o de informa\u00e7\u00f5es sens\u00edveis.<\/p>\n<p>O Hospital refor\u00e7a o compromisso com a confidencialidade e a prote\u00e7\u00e3o contra qualquer tipo de retalia\u00e7\u00e3o, promovendo um ambiente seguro para que as pessoas possam relatar irregularidades\u00a0com\u00a0confian\u00e7a.<\/p>\n\n\n\n<p class=\"has-black-color has-text-color\">\u2022 Assessoria Jur\u00eddica do Hospital do Cora\u00e7\u00e3o de Sobral<br>\nE-mail: juridicohc@stacasa.com.br<br>\nClique <a id=\"emailLink\" href=\"mailto:juridicohc@stacasa.com.br?subject=Den\u00fancia&#038;amp\"><mark>aqui<\/mark><\/a> para registrar sua den\u00fancia de forma segura e confidencial.<\/p>\n<script>\n  document.addEventListener(\"DOMContentLoaded\", function () {\n    const emailLink = document.getElementById(\"emailLink\");\n    const isMobile = \/Android|iPhone|iPad|iPod|Windows Phone|BlackBerry\/i.test(navigator.userAgent);\n\n    if (!isMobile) {\n      emailLink.href = \"https:\/\/mail.google.com\/mail\/?view=cm&fs=1&to=juridicohc@stacasa.com.br&su=Den\u00fancia\";\n      emailLink.target = \"_blank\"; \/\/ Abre em uma nova aba no navegador\n    }\n  });\n<\/script>\n\n\n\n<p><\/p>\n\n\n\n<figure class=\"wp-block-image size-large\"><img loading=\"lazy\" decoding=\"async\" width=\"1024\" height=\"1024\" src=\"http:\/\/hcsobral.com.br\/wp-content\/uploads\/2024\/12\/FLUXOGRAMA-1024x1024.png\" alt=\"\" class=\"wp-image-3598\" srcset=\"https:\/\/hcsobral.com.br\/wp-content\/uploads\/2024\/12\/FLUXOGRAMA-1024x1024.png 1024w, https:\/\/hcsobral.com.br\/wp-content\/uploads\/2024\/12\/FLUXOGRAMA-300x300.png 300w, https:\/\/hcsobral.com.br\/wp-content\/uploads\/2024\/12\/FLUXOGRAMA-150x150.png 150w, https:\/\/hcsobral.com.br\/wp-content\/uploads\/2024\/12\/FLUXOGRAMA-768x768.png 768w, https:\/\/hcsobral.com.br\/wp-content\/uploads\/2024\/12\/FLUXOGRAMA-750x750.png 750w, https:\/\/hcsobral.com.br\/wp-content\/uploads\/2024\/12\/FLUXOGRAMA.png 1200w\" sizes=\"auto, (max-width: 1024px) 100vw, 1024px\" \/><\/figure>\n\n\n\n<p><\/p>\n\n\n\n<p><\/p>\n\n\n\n<p><strong>Infra\u00e7\u00f5es Relacionadas a Pacientes<\/strong><\/p>\n\n\n\n<figure class=\"wp-block-image size-full\"><img loading=\"lazy\" decoding=\"async\" width=\"788\" height=\"296\" src=\"https:\/\/hcsobral.com.br\/wp-content\/uploads\/2024\/12\/image.png\" alt=\"\" class=\"wp-image-3679\" srcset=\"https:\/\/hcsobral.com.br\/wp-content\/uploads\/2024\/12\/image.png 788w, https:\/\/hcsobral.com.br\/wp-content\/uploads\/2024\/12\/image-300x113.png 300w, https:\/\/hcsobral.com.br\/wp-content\/uploads\/2024\/12\/image-768x288.png 768w, https:\/\/hcsobral.com.br\/wp-content\/uploads\/2024\/12\/image-750x282.png 750w\" sizes=\"auto, (max-width: 788px) 100vw, 788px\" \/><\/figure>\n\n\n\n<p><strong>Infra\u00e7\u00f5es Relacionadas a Funcion\u00e1rios<\/strong><\/p>\n\n\n\n<figure class=\"wp-block-image size-full\"><img loading=\"lazy\" decoding=\"async\" width=\"974\" height=\"370\" src=\"https:\/\/hcsobral.com.br\/wp-content\/uploads\/2024\/12\/image-1.png\" alt=\"\" class=\"wp-image-3684\" srcset=\"https:\/\/hcsobral.com.br\/wp-content\/uploads\/2024\/12\/image-1.png 974w, https:\/\/hcsobral.com.br\/wp-content\/uploads\/2024\/12\/image-1-300x114.png 300w, https:\/\/hcsobral.com.br\/wp-content\/uploads\/2024\/12\/image-1-768x292.png 768w, https:\/\/hcsobral.com.br\/wp-content\/uploads\/2024\/12\/image-1-750x285.png 750w\" sizes=\"auto, (max-width: 974px) 100vw, 974px\" \/><\/figure>\n\n\n\n<p><strong>Infra\u00e7\u00f5es Relacionadas a Institui\u00e7\u00e3o<\/strong><\/p>\n\n\n\n<figure class=\"wp-block-image size-full\"><img loading=\"lazy\" decoding=\"async\" width=\"868\" height=\"313\" src=\"https:\/\/hcsobral.com.br\/wp-content\/uploads\/2024\/12\/image-2.png\" alt=\"\" class=\"wp-image-3688\" srcset=\"https:\/\/hcsobral.com.br\/wp-content\/uploads\/2024\/12\/image-2.png 868w, https:\/\/hcsobral.com.br\/wp-content\/uploads\/2024\/12\/image-2-300x108.png 300w, https:\/\/hcsobral.com.br\/wp-content\/uploads\/2024\/12\/image-2-768x277.png 768w, https:\/\/hcsobral.com.br\/wp-content\/uploads\/2024\/12\/image-2-750x270.png 750w\" sizes=\"auto, (max-width: 868px) 100vw, 868px\" \/><\/figure>\n","protected":false},"excerpt":{"rendered":"<p>\ud83d\udde3\ufe0f O canal de den\u00fancias do Hospital do Cora\u00e7\u00e3o \u00e9 uma ferramenta segura e confidencial, destinado a receber relatos de irregularidades, comportamentos inadequados ou pr\u00e1ticas que violem os valores institucionais e\/ou normativas internas. Ele garante ao denunciante que as informa\u00e7\u00f5es ser\u00e3o tratadas em um ambiente \u00e9tico e transparente, contribuindo para a melhoria cont\u00ednua dos servi\u00e7os [&hellip;]<\/p>\n","protected":false},"author":1,"featured_media":0,"parent":0,"menu_order":0,"comment_status":"closed","ping_status":"closed","template":"","meta":{"_editorskit_title_hidden":false,"_editorskit_reading_time":0,"_editorskit_is_block_options_detached":false,"_editorskit_block_options_position":"{}","footnotes":""},"class_list":["post-3438","page","type-page","status-publish","hentry"],"_links":{"self":[{"href":"https:\/\/hcsobral.com.br\/index.php?rest_route=\/wp\/v2\/pages\/3438","targetHints":{"allow":["GET"]}}],"collection":[{"href":"https:\/\/hcsobral.com.br\/index.php?rest_route=\/wp\/v2\/pages"}],"about":[{"href":"https:\/\/hcsobral.com.br\/index.php?rest_route=\/wp\/v2\/types\/page"}],"author":[{"embeddable":true,"href":"https:\/\/hcsobral.com.br\/index.php?rest_route=\/wp\/v2\/users\/1"}],"replies":[{"embeddable":true,"href":"https:\/\/hcsobral.com.br\/index.php?rest_route=%2Fwp%2Fv2%2Fcomments&post=3438"}],"version-history":[{"count":27,"href":"https:\/\/hcsobral.com.br\/index.php?rest_route=\/wp\/v2\/pages\/3438\/revisions"}],"predecessor-version":[{"id":3691,"href":"https:\/\/hcsobral.com.br\/index.php?rest_route=\/wp\/v2\/pages\/3438\/revisions\/3691"}],"wp:attachment":[{"href":"https:\/\/hcsobral.com.br\/index.php?rest_route=%2Fwp%2Fv2%2Fmedia&parent=3438"}],"curies":[{"name":"wp","href":"https:\/\/api.w.org\/{rel}","templated":true}]}}