{"id":345,"date":"2022-03-29T13:28:09","date_gmt":"2022-03-29T16:28:09","guid":{"rendered":"http:\/\/hcsobral.com.br\/?page_id=345"},"modified":"2025-11-12T11:12:11","modified_gmt":"2025-11-12T14:12:11","slug":"ensino","status":"publish","type":"page","link":"https:\/\/hcsobral.com.br\/?page_id=345","title":{"rendered":"Ensino"},"content":{"rendered":"\n<p><em>Para gerenciar as atividades de ensino-assist\u00eancia nas unidades do Complexo Santa Casa de Miseric\u00f3rdia de Sobral foi implantado o Departamento de Ensino, Pesquisa e Extens\u00e3o (DEPE) em 2007.<\/em><\/p>\n\n\n\n<p>O DEPE \u00e9 parte integrante da SCMS, estando submetido ao seu estatuto e subordinado \u00e0 dire\u00e7\u00e3o-geral, sendo respons\u00e1vel pela gest\u00e3o de todas as atividades de ensino, pesquisa e extens\u00e3o desenvolvidas no hospital e pela articula\u00e7\u00e3o da integra\u00e7\u00e3o ensino-servi\u00e7o e processos de aprendizagem na forma\u00e7\u00e3o de profissionais para o sistema de sa\u00fade.<\/p>\n\n\n\n<p>O DEPE-SCMS est\u00e1 em conson\u00e2ncia com as Portarias do Minist\u00e9rio da Sa\u00fade n\u00ba 3.410, de Dezembro de 2013 e n\u00ba 285, de 24 de Mar\u00e7o de 2015, tendo como compet\u00eancias gerais:<\/p>\n\n\n\n<p>\u2013 Estimular a\u00e7\u00f5es de Ensino, Pesquisa e Extens\u00e3o, em parceria com Institui\u00e7\u00f5es de Ensino Superior, com as Secretarias Municipais e Estaduais de sa\u00fade e Minist\u00e9rio da Sa\u00fade;<\/p>\n\n\n\n<p>\u2013 Disponibilizar ensino integrado a assist\u00eancia;<\/p>\n\n\n\n<p>\u2013 Oferecer forma\u00e7\u00e3o e qualifica\u00e7\u00e3o aos profissionais de acordo com as necessidades de sa\u00fade e as pol\u00edticas priorit\u00e1rias do SUS, visando o trabalho multiprofissional;<\/p>\n\n\n\n<p>\u2013 Garantir pr\u00e1ticas de ensino baseadas no cuidado integral e resolutivo ao usu\u00e1rio;<\/p>\n\n\n\n<p>\u2013 Ser campo de educa\u00e7\u00e3o permanente para profissionais da Rede de Aten\u00e7\u00e3o a Sa\u00fade (RAS), conforme pactuado com o gestor p\u00fablico de sa\u00fade local;<\/p>\n\n\n\n<p>\u2013 Desenvolver atividades de educa\u00e7\u00e3o permanente para profissionais da RAS, conforme pactuado com o gestor p\u00fablico de sa\u00fade local;<\/p>\n\n\n\n<p>\u2013 Desenvolver atividades de pesquisa e de gest\u00e3o de tecnologias em sa\u00fade, priorizadas as necessidades regionais e a pol\u00edtica de sa\u00fade institu\u00edda, conforme pactuado o gestor p\u00fablico de sa\u00fade;<\/p>\n\n\n\n<p>\u2013 Cumprir os requisitos estabelecidos em atos normativos espec\u00edficos, caso o estabelecimento seja certificado como Hospital de Ensino;<\/p>\n\n\n\n<p>\u2013 Gerir recursos obtidos pelo Hospital de Ensino por meio do Instituto de Ensino, Pesquisa, Extens\u00e3o e Cultura da Sa\u00fade da SCMS e emitir parecer t\u00e9cnico para compra de equipamentos, material m\u00e9dico-hospitalar e educativo.<\/p>\n\n\n\n<p>O DEPE-SCMS possui os seguintes segmentos, conforme descrito no seu Regimento Interno: Ensino, Pesquisa, Extens\u00e3o, Educa\u00e7\u00e3o Permanente, Resid\u00eancia Multiprofissional e Resid\u00eancia M\u00e9dica.<\/p>\n\n\n\n<p><strong>Telefone: <\/strong>(88) 3112-0464<\/p>\n\n\n\n<p><strong>E-mail: <\/strong>depe@hcsobral.net.br<\/p>\n\n\n\n<p class=\"has-text-align-center\"><\/p>\n","protected":false},"excerpt":{"rendered":"<p>Para gerenciar as atividades de ensino-assist\u00eancia nas unidades do Complexo Santa Casa de Miseric\u00f3rdia de Sobral foi implantado o Departamento de Ensino, Pesquisa e Extens\u00e3o (DEPE) em 2007. O DEPE \u00e9 parte integrante da SCMS, estando submetido ao seu estatuto e subordinado \u00e0 dire\u00e7\u00e3o-geral, sendo respons\u00e1vel pela gest\u00e3o de todas as atividades de ensino, pesquisa [&hellip;]<\/p>\n","protected":false},"author":1,"featured_media":0,"parent":0,"menu_order":0,"comment_status":"closed","ping_status":"closed","template":"","meta":{"_editorskit_title_hidden":false,"_editorskit_reading_time":0,"_editorskit_is_block_options_detached":false,"_editorskit_block_options_position":"{}","footnotes":""},"class_list":["post-345","page","type-page","status-publish","hentry"],"_links":{"self":[{"href":"https:\/\/hcsobral.com.br\/index.php?rest_route=\/wp\/v2\/pages\/345","targetHints":{"allow":["GET"]}}],"collection":[{"href":"https:\/\/hcsobral.com.br\/index.php?rest_route=\/wp\/v2\/pages"}],"about":[{"href":"https:\/\/hcsobral.com.br\/index.php?rest_route=\/wp\/v2\/types\/page"}],"author":[{"embeddable":true,"href":"https:\/\/hcsobral.com.br\/index.php?rest_route=\/wp\/v2\/users\/1"}],"replies":[{"embeddable":true,"href":"https:\/\/hcsobral.com.br\/index.php?rest_route=%2Fwp%2Fv2%2Fcomments&post=345"}],"version-history":[{"count":5,"href":"https:\/\/hcsobral.com.br\/index.php?rest_route=\/wp\/v2\/pages\/345\/revisions"}],"predecessor-version":[{"id":4973,"href":"https:\/\/hcsobral.com.br\/index.php?rest_route=\/wp\/v2\/pages\/345\/revisions\/4973"}],"wp:attachment":[{"href":"https:\/\/hcsobral.com.br\/index.php?rest_route=%2Fwp%2Fv2%2Fmedia&parent=345"}],"curies":[{"name":"wp","href":"https:\/\/api.w.org\/{rel}","templated":true}]}}