{"id":366,"date":"2022-03-29T13:38:45","date_gmt":"2022-03-29T16:38:45","guid":{"rendered":"http:\/\/hcsobral.com.br\/?page_id=366"},"modified":"2026-01-05T17:51:16","modified_gmt":"2026-01-05T20:51:16","slug":"servico-de-atendimento-ao-cliente","status":"publish","type":"page","link":"https:\/\/hcsobral.com.br\/?page_id=366","title":{"rendered":"Servi\u00e7o de Atendimento ao Cliente"},"content":{"rendered":"\n<p>\ud83d\udde3\ufe0f O Servi\u00e7o de Atendimento ao Cliente (SAC) tem como objetivo atender aos clientes, ouvindo suas demandas e buscando solu\u00e7\u00f5es, contribuindo, assim, para a rela\u00e7\u00e3o do cliente com a institui\u00e7\u00e3o, atrav\u00e9s de sugest\u00f5es, cr\u00edticas e elogios, advindos de manifesta\u00e7\u00f5es ativas ou passivas, apresentando os resultados dessas pesquisas, com o objetivo de garantir a satisfa\u00e7\u00e3o dos usu\u00e1rios do servi\u00e7o.<\/p>\n\n\n\n<p>Todos os clientes do Hospital do Cora\u00e7\u00e3o poder\u00e3o dar opini\u00f5es no SAC atrav\u00e9s dos telefones, e-mail e de forma presencial.<\/p>\n\n\n\n<p class=\"has-black-color has-text-color\">Contatos: (88) 3677-8505<br>E-mail: sachcsobral@gmail.com<br>\u27a1\ufe0f Voc\u00ea tamb\u00e9m pode responder a Pesquisa de Satisfa\u00e7\u00e3o atrav\u00e9s do formul\u00e1rio: <a href=\"https:\/\/forms.gle\/MMrfb8xTx6dFfxCq6\" data-type=\"URL\" target=\"_blank\" rel=\"noreferrer noopener\">forms.gle\/qd7RiMCsGbGrtME28<\/a><\/p>\n","protected":false},"excerpt":{"rendered":"<p>\ud83d\udde3\ufe0f O Servi\u00e7o de Atendimento ao Cliente (SAC) tem como objetivo atender aos clientes, ouvindo suas demandas e buscando solu\u00e7\u00f5es, contribuindo, assim, para a rela\u00e7\u00e3o do cliente com a institui\u00e7\u00e3o, atrav\u00e9s de sugest\u00f5es, cr\u00edticas e elogios, advindos de manifesta\u00e7\u00f5es ativas ou passivas, apresentando os resultados dessas pesquisas, com o objetivo de garantir a satisfa\u00e7\u00e3o dos [&hellip;]<\/p>\n","protected":false},"author":1,"featured_media":0,"parent":0,"menu_order":0,"comment_status":"closed","ping_status":"closed","template":"","meta":{"_editorskit_title_hidden":false,"_editorskit_reading_time":0,"_editorskit_is_block_options_detached":false,"_editorskit_block_options_position":"{}","footnotes":""},"class_list":["post-366","page","type-page","status-publish","hentry"],"_links":{"self":[{"href":"https:\/\/hcsobral.com.br\/index.php?rest_route=\/wp\/v2\/pages\/366","targetHints":{"allow":["GET"]}}],"collection":[{"href":"https:\/\/hcsobral.com.br\/index.php?rest_route=\/wp\/v2\/pages"}],"about":[{"href":"https:\/\/hcsobral.com.br\/index.php?rest_route=\/wp\/v2\/types\/page"}],"author":[{"embeddable":true,"href":"https:\/\/hcsobral.com.br\/index.php?rest_route=\/wp\/v2\/users\/1"}],"replies":[{"embeddable":true,"href":"https:\/\/hcsobral.com.br\/index.php?rest_route=%2Fwp%2Fv2%2Fcomments&post=366"}],"version-history":[{"count":11,"href":"https:\/\/hcsobral.com.br\/index.php?rest_route=\/wp\/v2\/pages\/366\/revisions"}],"predecessor-version":[{"id":5101,"href":"https:\/\/hcsobral.com.br\/index.php?rest_route=\/wp\/v2\/pages\/366\/revisions\/5101"}],"wp:attachment":[{"href":"https:\/\/hcsobral.com.br\/index.php?rest_route=%2Fwp%2Fv2%2Fmedia&parent=366"}],"curies":[{"name":"wp","href":"https:\/\/api.w.org\/{rel}","templated":true}]}}