{"id":3841,"date":"2025-01-22T09:26:36","date_gmt":"2025-01-22T12:26:36","guid":{"rendered":"https:\/\/hcsobral.com.br\/?page_id=3841"},"modified":"2025-01-22T09:32:50","modified_gmt":"2025-01-22T12:32:50","slug":"trabalhe-conosco-por-estabelecimentos","status":"publish","type":"page","link":"https:\/\/hcsobral.com.br\/?page_id=3841","title":{"rendered":"Trabalhe Conosco por Estabelecimentos"},"content":{"rendered":"\n<div class=\"wp-block-buttons is-layout-flex wp-block-buttons-is-layout-flex\">\n<div class=\"wp-block-button\"><a class=\"wp-block-button__link has-vivid-red-background-color has-background wp-element-button\" href=\"https:\/\/hcsobral.com.br\/?page_id=1315\">Sele\u00e7\u00f5es do Hospital do Cora\u00e7\u00e3o<\/a><\/div>\n\n\n\n<div class=\"wp-block-button\"><a class=\"wp-block-button__link has-vivid-red-background-color has-background wp-element-button\" href=\"https:\/\/hcsobral.com.br\/?page_id=3845\">Sele\u00e7\u00f5es do Hotel Visconde<\/a><\/div>\n<\/div>\n\n\n\n<p><\/p>\n","protected":false},"excerpt":{"rendered":"","protected":false},"author":1,"featured_media":0,"parent":0,"menu_order":0,"comment_status":"closed","ping_status":"closed","template":"","meta":{"_editorskit_title_hidden":false,"_editorskit_reading_time":0,"_editorskit_is_block_options_detached":false,"_editorskit_block_options_position":"{}","footnotes":""},"class_list":["post-3841","page","type-page","status-publish","hentry"],"_links":{"self":[{"href":"https:\/\/hcsobral.com.br\/index.php?rest_route=\/wp\/v2\/pages\/3841","targetHints":{"allow":["GET"]}}],"collection":[{"href":"https:\/\/hcsobral.com.br\/index.php?rest_route=\/wp\/v2\/pages"}],"about":[{"href":"https:\/\/hcsobral.com.br\/index.php?rest_route=\/wp\/v2\/types\/page"}],"author":[{"embeddable":true,"href":"https:\/\/hcsobral.com.br\/index.php?rest_route=\/wp\/v2\/users\/1"}],"replies":[{"embeddable":true,"href":"https:\/\/hcsobral.com.br\/index.php?rest_route=%2Fwp%2Fv2%2Fcomments&post=3841"}],"version-history":[{"count":3,"href":"https:\/\/hcsobral.com.br\/index.php?rest_route=\/wp\/v2\/pages\/3841\/revisions"}],"predecessor-version":[{"id":3849,"href":"https:\/\/hcsobral.com.br\/index.php?rest_route=\/wp\/v2\/pages\/3841\/revisions\/3849"}],"wp:attachment":[{"href":"https:\/\/hcsobral.com.br\/index.php?rest_route=%2Fwp%2Fv2%2Fmedia&parent=3841"}],"curies":[{"name":"wp","href":"https:\/\/api.w.org\/{rel}","templated":true}]}}