{"id":3845,"date":"2025-01-22T09:29:14","date_gmt":"2025-01-22T12:29:14","guid":{"rendered":"https:\/\/hcsobral.com.br\/?page_id=3845"},"modified":"2025-06-02T17:25:13","modified_gmt":"2025-06-02T20:25:13","slug":"trabalhe-conosco-hotel-visconde","status":"publish","type":"page","link":"https:\/\/hcsobral.com.br\/?page_id=3845","title":{"rendered":"Trabalhe Conosco Hotel Visconde"},"content":{"rendered":"\n<div class=\"wp-block-buttons has-custom-font-size has-medium-font-size is-content-justification-center is-layout-flex wp-container-core-buttons-is-layout-16018d1d wp-block-buttons-is-layout-flex\">\n<div class=\"wp-block-button is-style-outline is-style-outline--1\"><a class=\"wp-block-button__link has-white-color has-vivid-red-background-color has-text-color has-background wp-element-button\" href=\"http:\/\/177.44.182.111:9097\/wspV2\/public\/valid-curriculo.php\" target=\"_blank\" rel=\"noreferrer noopener\">Realize sua inscri\u00e7\u00e3o aqui!!<\/a><\/div>\n<\/div>\n\n\n\n<h2 class=\"wp-block-heading\"><strong>Voc\u00ea est\u00e1 na p\u00e1gina destinada as sele\u00e7\u00f5e do Hotel Visconde<\/strong><\/h2>\n\n\n\n<hr class=\"wp-block-separator has-alpha-channel-opacity\"\/>\n\n\n\n<h2 class=\"wp-block-heading\">Hist\u00f3rico de Sele\u00e7\u00f5es ano de 2025<\/h2>\n\n\n<p><span style=\"color: #000000;\">Para acessar as documenta\u00e7\u00f5es dos editais, voc\u00ea devera acessar a p\u00e1gina do respectivo edital.<\/span><\/p>\n<table class=\"alignleft\" style=\"height: 487px; width: 94.6392%; color: initial; border-collapse: collapse;\" border=\"1\">\n<tbody>\n<tr style=\"height: 23px;\">\n<td style=\"width: 6.19047%; height: 10px;\"><span style=\"font-size: 14pt;\"><strong>N\u00ba do Edital<\/strong><\/span><\/td>\n<td style=\"width: 40.7462%; height: 10px;\"><span style=\"font-size: 14pt;\"><strong>Descri\u00e7\u00e3o<\/strong><\/span><\/td>\n<td style=\"width: 12.9511%; height: 10px;\"><span style=\"font-size: 14pt;\"><strong>Data da publica\u00e7\u00e3o<\/strong><\/span><\/td>\n<\/tr>\n<tr style=\"height: 24px;\">\n<td style=\"width: 6.19047%; height: 24px;\">2025.1<\/td>\n<td style=\"width: 40.7462%; height: 24px;\"><strong><span style=\"font-size: 14pt;\"><img loading=\"lazy\" decoding=\"async\" src=\"http:\/\/hcsobral.com.br\/wp-content\/uploads\/2023\/08\/Icon_mais-links.png\" alt=\"\" width=\"20\" height=\"20\" \/> <a href=\"https:\/\/hcsobral.com.br\/?p=3857\">Auxiliar de Manuten\u00e7\u00e3o Predial<\/a><\/span><\/strong><\/td>\n<td style=\"width: 12.9511%; text-align: center; height: 24px;\">Externo<\/td>\n<\/tr>\n<tr style=\"height: 21px;\">\n<td style=\"width: 6.19047%; height: 21px;\">2025.2<\/td>\n<td style=\"width: 40.7462%; height: 21px;\"><strong><span style=\"font-size: 14pt;\"><img loading=\"lazy\" decoding=\"async\" src=\"http:\/\/hcsobral.com.br\/wp-content\/uploads\/2023\/08\/Icon_mais-links.png\" alt=\"\" width=\"20\" height=\"20\" \/> <a href=\"https:\/\/hcsobral.com.br\/?p=3860\">Mensageiro de Hotel<\/a><\/span><\/strong><\/td>\n<td style=\"width: 12.9511%; text-align: center; height: 21px;\">Externo<\/td>\n<\/tr>\n<tr style=\"height: 24px;\">\n<td style=\"width: 6.19047%; height: 24px;\">\n<p>2025.3<\/p>\n<\/td>\n<td style=\"width: 40.7462%; height: 24px;\"><strong><span style=\"font-size: 14pt;\"><img loading=\"lazy\" decoding=\"async\" src=\"http:\/\/hcsobral.com.br\/wp-content\/uploads\/2023\/08\/Icon_mais-links.png\" alt=\"\" width=\"20\" height=\"20\" \/> Auxiliar de Cozinheiro(a)<\/span><\/strong><\/td>\n<td style=\"width: 12.9511%; text-align: center; height: 24px;\">Externo<\/td>\n<\/tr>\n<tr style=\"height: 68px;\">\n<td style=\"width: 6.19047%; height: 68px;\">\n<p>2025.4<\/p>\n<\/td>\n<td style=\"width: 40.7462%; height: 68px;\"><strong><span style=\"font-size: 14pt;\"><img loading=\"lazy\" decoding=\"async\" src=\"http:\/\/hcsobral.com.br\/wp-content\/uploads\/2023\/08\/Icon_mais-links.png\" alt=\"\" width=\"20\" height=\"20\" \/> Auxiliar de Cozinheiro(a)<\/span><\/strong><\/td>\n<td style=\"width: 12.9511%; text-align: center; height: 68px;\">\u00a0<\/td>\n<\/tr>\n<tr style=\"height: 68px;\">\n<td style=\"width: 6.19047%; height: 68px;\">\n<p>2025.5<\/p>\n<\/td>\n<td style=\"width: 40.7462%; height: 68px;\"><strong><span style=\"font-size: 14pt;\"><img loading=\"lazy\" decoding=\"async\" src=\"http:\/\/hcsobral.com.br\/wp-content\/uploads\/2023\/08\/Icon_mais-links.png\" alt=\"\" width=\"20\" height=\"20\" \/> <a href=\"https:\/\/hcsobral.com.br\/?p=4287\">Comprador<\/a><\/span><\/strong><\/td>\n<td style=\"width: 12.9511%; text-align: center; height: 68px;\">\u00a0<\/td>\n<\/tr>\n<tr style=\"height: 68px;\">\n<td style=\"width: 6.19047%; height: 68px;\">\n<p>2025.6<\/p>\n<\/td>\n<td style=\"width: 40.7462%; height: 68px;\"><strong><span style=\"font-size: 14pt;\"><img loading=\"lazy\" decoding=\"async\" src=\"http:\/\/hcsobral.com.br\/wp-content\/uploads\/2023\/08\/Icon_mais-links.png\" alt=\"\" width=\"20\" height=\"20\" \/> <a href=\"https:\/\/hcsobral.com.br\/?p=4235\">Mensageiro de Hotel<\/a><\/span><\/strong><\/td>\n<td style=\"width: 12.9511%; text-align: center; height: 68px;\">22\/04\/2025<\/td>\n<\/tr>\n<tr style=\"height: 68px;\">\n<td style=\"width: 6.19047%; height: 68px;\">\n<p>2025.7<\/p>\n<\/td>\n<td style=\"width: 40.7462%; height: 68px;\"><strong><span style=\"font-size: 14pt;\"><img loading=\"lazy\" decoding=\"async\" src=\"http:\/\/hcsobral.com.br\/wp-content\/uploads\/2023\/08\/Icon_mais-links.png\" alt=\"\" width=\"20\" height=\"20\" \/>\u00a0 <a href=\"https:\/\/hcsobral.com.br\/?p=4225\">Cozinheiro de Hotel<\/a><\/span><\/strong><\/td>\n<td style=\"width: 12.9511%; text-align: center; height: 68px;\">28\/04\/2025<\/td>\n<\/tr>\n<tr style=\"height: 68px;\">\n<td style=\"width: 6.19047%; height: 68px;\">\n<p>2025.8<\/p>\n<\/td>\n<td style=\"width: 40.7462%; height: 68px;\"><strong><span style=\"font-size: 14pt;\"><img loading=\"lazy\" decoding=\"async\" src=\"http:\/\/hcsobral.com.br\/wp-content\/uploads\/2023\/08\/Icon_mais-links.png\" alt=\"\" width=\"20\" height=\"20\" \/> <a href=\"https:\/\/hcsobral.com.br\/?p=4401\">Governanta<\/a><\/span><\/strong><\/td>\n<td style=\"width: 12.9511%; text-align: center; height: 68px;\">25\/04\/2025<\/td>\n<\/tr>\n<tr style=\"height: 68px;\">\n<td style=\"width: 6.19047%; height: 68px;\">\n<p>2025.09<\/p>\n<\/td>\n<td style=\"width: 40.7462%; height: 68px;\"><strong><span style=\"font-size: 14pt;\"><img loading=\"lazy\" decoding=\"async\" src=\"http:\/\/hcsobral.com.br\/wp-content\/uploads\/2023\/08\/Icon_mais-links.png\" alt=\"\" width=\"20\" height=\"20\" \/> <a href=\"https:\/\/hcsobral.com.br\/?p=4221\">Gerente de Alimentos e Bebidas<\/a><\/span><\/strong><\/td>\n<td style=\"width: 12.9511%; text-align: center; height: 68px;\">28\/04\/2025<\/td>\n<\/tr>\n<tr>\n<td style=\"width: 6.19047%;\">\n<p>2025.10<\/p>\n<\/td>\n<td style=\"width: 40.7462%;\"><strong><span style=\"font-size: 14pt;\"> <img loading=\"lazy\" decoding=\"async\" src=\"http:\/\/hcsobral.com.br\/wp-content\/uploads\/2023\/08\/Icon_mais-links.png\" alt=\"\" width=\"20\" height=\"20\" \/><a href=\"https:\/\/hcsobral.com.br\/?p=4458\">Gerente de Alimentos e Bebidas<\/a><\/span><\/strong><\/td>\n<td style=\"width: 12.9511%; text-align: center;\">28\/05\/2025<\/td>\n<\/tr>\n<tr>\n<td style=\"width: 6.19047%;\">\n<p>2025.11<\/p>\n<\/td>\n<td style=\"width: 40.7462%;\"><strong><span style=\"font-size: 14pt;\"><img loading=\"lazy\" decoding=\"async\" src=\"http:\/\/hcsobral.com.br\/wp-content\/uploads\/2023\/08\/Icon_mais-links.png\" alt=\"\" width=\"20\" height=\"20\" \/> <a href=\"https:\/\/hcsobral.com.br\/?p=4464\">Mensageiro<\/a><\/span><\/strong><\/td>\n<td style=\"width: 12.9511%; text-align: center;\">02\/06\/2025<\/td>\n<\/tr>\n<\/tbody>\n<\/table>\n<p style=\"text-align: center;\">\u00a0<\/p>\n\n\n<p><\/p>\n","protected":false},"excerpt":{"rendered":"<p>Voc\u00ea est\u00e1 na p\u00e1gina destinada as sele\u00e7\u00f5e do Hotel Visconde Hist\u00f3rico de Sele\u00e7\u00f5es ano de 2025 Para acessar as documenta\u00e7\u00f5es dos editais, voc\u00ea devera acessar a p\u00e1gina do respectivo edital. N\u00ba do Edital Descri\u00e7\u00e3o Data da publica\u00e7\u00e3o 2025.1 Auxiliar de Manuten\u00e7\u00e3o Predial Externo 2025.2 Mensageiro de Hotel Externo 2025.3 Auxiliar de Cozinheiro(a) Externo 2025.4 Auxiliar [&hellip;]<\/p>\n","protected":false},"author":1,"featured_media":0,"parent":0,"menu_order":0,"comment_status":"closed","ping_status":"closed","template":"","meta":{"_editorskit_title_hidden":false,"_editorskit_reading_time":0,"_editorskit_is_block_options_detached":false,"_editorskit_block_options_position":"{}","footnotes":""},"class_list":["post-3845","page","type-page","status-publish","hentry"],"_links":{"self":[{"href":"https:\/\/hcsobral.com.br\/index.php?rest_route=\/wp\/v2\/pages\/3845","targetHints":{"allow":["GET"]}}],"collection":[{"href":"https:\/\/hcsobral.com.br\/index.php?rest_route=\/wp\/v2\/pages"}],"about":[{"href":"https:\/\/hcsobral.com.br\/index.php?rest_route=\/wp\/v2\/types\/page"}],"author":[{"embeddable":true,"href":"https:\/\/hcsobral.com.br\/index.php?rest_route=\/wp\/v2\/users\/1"}],"replies":[{"embeddable":true,"href":"https:\/\/hcsobral.com.br\/index.php?rest_route=%2Fwp%2Fv2%2Fcomments&post=3845"}],"version-history":[{"count":15,"href":"https:\/\/hcsobral.com.br\/index.php?rest_route=\/wp\/v2\/pages\/3845\/revisions"}],"predecessor-version":[{"id":4472,"href":"https:\/\/hcsobral.com.br\/index.php?rest_route=\/wp\/v2\/pages\/3845\/revisions\/4472"}],"wp:attachment":[{"href":"https:\/\/hcsobral.com.br\/index.php?rest_route=%2Fwp%2Fv2%2Fmedia&parent=3845"}],"curies":[{"name":"wp","href":"https:\/\/api.w.org\/{rel}","templated":true}]}}