{"id":439,"date":"2022-03-30T07:46:56","date_gmt":"2022-03-30T10:46:56","guid":{"rendered":"http:\/\/hcsobral.com.br\/?page_id=439"},"modified":"2024-04-18T15:10:20","modified_gmt":"2024-04-18T18:10:20","slug":"historico","status":"publish","type":"page","link":"https:\/\/hcsobral.com.br\/?page_id=439","title":{"rendered":"Hist\u00f3rico"},"content":{"rendered":"<div class=\"wp-block-image is-style-default\">\n<figure class=\"alignleft\"><img decoding=\"async\" src=\"https:\/\/www.stacasa.com.br\/wp-content\/uploads\/2012\/06\/WhatsApp-Image-2021-06-01-at-17.09.16-1.jpeg\" alt=\"WhatsApp Image 2021-06-01 at 17.09.16\" class=\"wp-image-19237\"\/><\/figure>\n<\/div>\n\n\n<p>Constru\u00eddo com recursos do Complexo Santa Casa de Miseric\u00f3rdia de Sobral, com o objetivo de implantar cirurgias card\u00edacas em Sobral e ser um Centro de refer\u00eancia em Cardiologia cl\u00ednica, cir\u00fargica e hemodin\u00e2mica em todo o Cear\u00e1, o Hospital do Cora\u00e7\u00e3o Padre Jos\u00e9 Linhares foi inaugurado no dia 20 de dezembro de 1996. Antes da inaugura\u00e7\u00e3o, a popula\u00e7\u00e3o de Sobral e regi\u00e3o se direcionava \u00e0 Fortaleza, e muitas vezes at\u00e9 S\u00e3o Paulo, para a realiza\u00e7\u00e3o de cirurgias card\u00edacas. Com o funcionamento do Hospital do Cora\u00e7\u00e3o, tratamentos e procedimentos cir\u00fargicos come\u00e7aram a ser realizados na cidade, proporcionando uma vantagem de atendimento local.<\/p>\n\n\n\n<p>O Hospital do Cora\u00e7\u00e3o \u00e9 um grande feito das ultimas d\u00e9cadas, e disp\u00f5e de todos os m\u00e9todos diagn\u00f3sticos e complementares em Cardiologia e tem obtido muitos \u00eaxitos nos procedimentos terap\u00eauticos, principalmente no tratamento com Implante de Stent Intracoronariano para o Infarto Agudo do Mioc\u00e1rdio. O Servi\u00e7o de Hemodin\u00e2mica e Cardiologia Intervencionista do Hospital do Cora\u00e7\u00e3o de Sobral tem uma das maiores casu\u00edsticas individuais do Nordeste, realizando, cateterismos card\u00edacos e angioplastias coronarianas com implantes de stents.<\/p>\n\n\n<div class=\"wp-block-image is-style-default\">\n<figure class=\"alignright\"><img decoding=\"async\" src=\"https:\/\/www.stacasa.com.br\/wp-content\/uploads\/2012\/06\/FOTO-1-1200x773.jpg\" alt=\"FOTO-1-1200x773\" class=\"wp-image-19238\"\/><\/figure>\n<\/div>\n\n\n<p><strong>Cirurgias<\/strong><\/p>\n\n\n\n<p>No ano de 2020, a unidade hospitalar passou a disponibilizar atendimento ambulatorial, interna\u00e7\u00f5es e cirurgias em outras especialidades m\u00e9dicas, ofertando assist\u00eancia de excel\u00eancia tamb\u00e9m aos pacientes de conv\u00eanios e particulares. O Hospital do Cora\u00e7\u00e3o de Sobral ampliou o Centro Cir\u00fargico e adquiriu novos equipamentos, possibilitando assim a realiza\u00e7\u00e3o de procedimentos cir\u00fargicos e cl\u00ednicos n\u00e3o card\u00edacos nas \u00e1reas de cirurgia geral, pl\u00e1stica, urologia, oncologia, vascular, ortopedia e neurocirurgia.<\/p>\n\n\n\n<p><strong>Pronto-Atendimento<\/strong><\/p>\n\n\n\n<p>O Pronto Atendimento do Hospital do Cora\u00e7\u00e3o disp\u00f5e de consult\u00f3rios m\u00e9dicos, salas equipadas com respiradores, monitores multiparam\u00e9tricos, carro de parada, desfibriladores, marca-passo externo transcut\u00e2neo, eletrocardiograma e bombas de infus\u00e3o para reanima\u00e7\u00e3o de parada cardiopulmonar, sala de enfermagem e leitos para pacientes. Al\u00e9m disso, a unidade conta com equipe de sobreaviso 24 horas para atendimento de pacientes com quadro de infarto agudo do mioc\u00e1rdio.<\/p>\n\n\n\n<p><strong>Unidade de Terapia Intensiva<\/strong><\/p>\n\n\n\n<p>Al\u00e9m da Unidade de Terapia Intensiva (UTI) para atendimento de pacientes do SUS, com 22 leitos; o Hospital tamb\u00e9m conta agora com uma UTI para atendimento de pacientes de conv\u00eanios e particulares. A nova unidade foi inaugurada em 2019 e conta com oito leitos, todos com monitores, ventiladores pulmonares, bombas de infus\u00e3o, aparelhos de eletrocardiograma e uma equipe da cl\u00ednica m\u00e9dica para dar maior assist\u00eancia aos pacientes internados. Esta nova UTI atende pacientes que necessitem de cuidados cardiol\u00f3gicos e at\u00e9 de outras especialidades<\/p>\n\n\n\n<p><strong>Unidade de Interna\u00e7\u00e3o<\/strong><\/p>\n\n\n\n<p>A Unidade de Interna\u00e7\u00e3o do Hospital que disponibiliza de leitos conv\u00eanios, particular e para o SUS proporciona conforto e seguran\u00e7a aos pacientes internados. A qualifica\u00e7\u00e3o e dedica\u00e7\u00e3o dos profissionais que comp\u00f5em a Equipe Multidisciplinar empenhados no cuidado integral, com carinho e aten\u00e7\u00e3o individualizados, s\u00e3o diferenciais indispens\u00e1veis \u00e0 recupera\u00e7\u00e3o do paciente.<\/p>\n\n\n<div class=\"wp-block-image is-style-default\">\n<figure class=\"alignleft\"><img decoding=\"async\" src=\"https:\/\/www.stacasa.com.br\/wp-content\/uploads\/2012\/06\/HC4-768x512.jpg\" alt=\"HC4-768x512\" class=\"wp-image-19239\"\/><\/figure>\n<\/div>\n\n\n<p><strong>Acredita\u00e7\u00e3o<\/strong><\/p>\n\n\n\n<p>O Hospital do Cora\u00e7\u00e3o de Sobral recebeu no dia 04 de novembro de 2023, a Acredita\u00e7\u00e3o ONA n\u00edvel 2, Acreditado \u2013 que avalia a seguran\u00e7a do paciente e a qualidade da assist\u00eancia prestada, considerando os recursos dispon\u00edveis e sua complexidade. Com foco na seguran\u00e7a do paciente, a Organiza\u00e7\u00e3o de Sa\u00fade passou por uma avalia\u00e7\u00e3o detalhada atrav\u00e9s de uma IAC \u2013 Institui\u00e7\u00e3o Acreditadora Credenciada e tamb\u00e9m uma equipe de avaliadores habilitada pela ONA, que buscou evid\u00eancias de conformidade com os padr\u00f5es do Manual Brasileiro de Acredita\u00e7\u00e3o nas diversas \u00e1reas, incluindo a gest\u00e3o organizacional, a seguran\u00e7a na assist\u00eancia e as \u00e1reas de apoio.<\/p>\n\n\n\n<p><\/p>\n\n\n\n<p><strong>Endere\u00e7o:<\/strong>&nbsp;Av. Gerardo Rangel, 715 \u2013 Jocely Dantas, Sobral \u2013 CE, 62041-380<br><strong>Telefone:<\/strong>&nbsp;(88) 3677-8500<\/p>\n","protected":false},"excerpt":{"rendered":"<p>Constru\u00eddo com recursos do Complexo Santa Casa de Miseric\u00f3rdia de Sobral, com o objetivo de implantar cirurgias card\u00edacas em Sobral e ser um Centro de refer\u00eancia em Cardiologia cl\u00ednica, cir\u00fargica e hemodin\u00e2mica em todo o Cear\u00e1, o Hospital do Cora\u00e7\u00e3o Padre Jos\u00e9 Linhares foi inaugurado no dia 20 de dezembro de 1996. Antes da inaugura\u00e7\u00e3o, [&hellip;]<\/p>\n","protected":false},"author":1,"featured_media":0,"parent":0,"menu_order":0,"comment_status":"closed","ping_status":"closed","template":"","meta":{"_editorskit_title_hidden":false,"_editorskit_reading_time":0,"_editorskit_is_block_options_detached":false,"_editorskit_block_options_position":"{}","footnotes":""},"class_list":["post-439","page","type-page","status-publish","hentry"],"_links":{"self":[{"href":"https:\/\/hcsobral.com.br\/index.php?rest_route=\/wp\/v2\/pages\/439","targetHints":{"allow":["GET"]}}],"collection":[{"href":"https:\/\/hcsobral.com.br\/index.php?rest_route=\/wp\/v2\/pages"}],"about":[{"href":"https:\/\/hcsobral.com.br\/index.php?rest_route=\/wp\/v2\/types\/page"}],"author":[{"embeddable":true,"href":"https:\/\/hcsobral.com.br\/index.php?rest_route=\/wp\/v2\/users\/1"}],"replies":[{"embeddable":true,"href":"https:\/\/hcsobral.com.br\/index.php?rest_route=%2Fwp%2Fv2%2Fcomments&post=439"}],"version-history":[{"count":4,"href":"https:\/\/hcsobral.com.br\/index.php?rest_route=\/wp\/v2\/pages\/439\/revisions"}],"predecessor-version":[{"id":2897,"href":"https:\/\/hcsobral.com.br\/index.php?rest_route=\/wp\/v2\/pages\/439\/revisions\/2897"}],"wp:attachment":[{"href":"https:\/\/hcsobral.com.br\/index.php?rest_route=%2Fwp%2Fv2%2Fmedia&parent=439"}],"curies":[{"name":"wp","href":"https:\/\/api.w.org\/{rel}","templated":true}]}}