{"id":5340,"date":"2026-03-23T13:49:44","date_gmt":"2026-03-23T16:49:44","guid":{"rendered":"https:\/\/hcsobral.com.br\/?page_id=5340"},"modified":"2026-05-08T19:59:32","modified_gmt":"2026-05-08T22:59:32","slug":"portal-trabalhe-conosco","status":"publish","type":"page","link":"https:\/\/hcsobral.com.br\/?page_id=5340","title":{"rendered":"Portal Trabalhe Conosco"},"content":{"rendered":"\n<style>\n  .hc-trabalhe-conosco{\n    --bg:#ececec;\n    --section:#f3f3f3;\n    --text:#1f1f1f;\n    --primary:#990000;\n    --accent:#d59a1d;\n    --shadow:#b71c1c;\n    width:100%;\n    max-width:100%;\n    margin:0 auto;\n    background:var(--bg);\n    color:var(--text);\n    font-family:Arial, Helvetica, sans-serif;\n    overflow:hidden;\n  }\n\n  .hc-trabalhe-conosco *{\n    margin:0;\n    padding:0;\n    box-sizing:border-box;\n  }\n\n  .hc-trabalhe-conosco a{\n    text-decoration:none;\n    color:inherit;\n  }\n\n  .hc-trabalhe-conosco img{\n    display:block;\n    max-width:100%;\n  }\n\n  .hc-trabalhe-conosco .top-area{\n    padding:42px 0 36px;\n  }\n\n  .hc-trabalhe-conosco .container{\n    width:100%;\n    max-width:100%;\n    margin:0 auto;\n  }\n\n  .hc-trabalhe-conosco .main-title{\n    font-size:46px;\n    font-weight:800;\n    color:var(--primary);\n    line-height:1.05;\n    letter-spacing:-0.5px;\n  }\n\n  .hc-trabalhe-conosco .title-line{\n    width:95px;\n    height:4px;\n    background:var(--accent);\n    margin-top:10px;\n  }\n\n  .hc-trabalhe-conosco .about-section{\n    background:var(--section);\n    padding:30px 18px 26px;\n  }\n\n  .hc-trabalhe-conosco .about-grid{\n    display:grid;\n    grid-template-columns:1.08fr 0.92fr;\n    gap:28px;\n    align-items:center;\n  }\n\n  .hc-trabalhe-conosco .about-text h2{\n    font-size:27px;\n    line-height:1.12;\n    font-weight:300;\n    margin-bottom:14px;\n  }\n\n  .hc-trabalhe-conosco .about-text h2 strong{\n    display:block;\n    color:var(--primary);\n    font-weight:800;\n  }\n\n  .hc-trabalhe-conosco .about-text p{\n    font-size:16px;\n    line-height:1.28;\n    text-align:justify;\n    max-width:640px;\n  }\n\n  .hc-trabalhe-conosco .image-box{\n    position:relative;\n    width:100%;\n    max-width:560px;\n    margin-left:auto;\n  }\n\n  .hc-trabalhe-conosco .image-box::after{\n    content:\"\";\n    position:absolute;\n    right:-16px;\n    bottom:-8px;\n    width:100%;\n    height:100%;\n    background:var(--shadow);\n    border-bottom-right-radius:28px;\n    z-index:1;\n  }\n\n  .hc-trabalhe-conosco .image-box img{\n    position:relative;\n    z-index:2;\n    width:100%;\n    height:320px;\n    object-fit:cover;\n    border-top-left-radius:28px;\n    border-bottom-right-radius:28px;\n  }\n\n  .hc-trabalhe-conosco .jobs-section{\n    padding:18px 10px 18px;\n  }\n\n  .hc-trabalhe-conosco .jobs-box{\n    background:#f1f1f1;\n    min-height:280px;\n    padding:18px 12px 28px;\n    border:1px solid #e8e8e8;\n    overflow:hidden;\n  }\n\n  .hc-trabalhe-conosco .jobs-title{\n    font-size:24px;\n    line-height:1.02;\n    font-weight:300;\n    margin-bottom:18px;\n  }\n\n  .hc-trabalhe-conosco .jobs-title strong{\n    display:block;\n    color:var(--primary);\n    font-weight:800;\n    margin-top:2px;\n  }\n\n  .hc-trabalhe-conosco .vacancies-grid{\n    display:grid;\n    grid-template-columns:repeat(auto-fit, minmax(280px, 360px));\n    gap:28px;\n    align-items:start;\n    justify-content:center;\n  }\n\n  .hc-trabalhe-conosco .vacancy-banner{\n    width:100%;\n    max-width:360px;\n    background:#ffffff;\n    border:1px solid #d9d9d9;\n    overflow:hidden;\n    display:flex;\n    align-items:center;\n    justify-content:center;\n  }\n\n  .hc-trabalhe-conosco .vacancy-banner img{\n    width:100%;\n    height:auto;\n    display:block;\n  }\n\n  .hc-trabalhe-conosco .portal-area{\n    width:100%;\n    display:flex;\n    justify-content:center;\n    margin-top:26px;\n  }\n\n  .hc-trabalhe-conosco .portal-button{\n    display:inline-flex;\n    align-items:center;\n    justify-content:center;\n    background:var(--primary);\n    color:#fff !important;\n    font-size:20px;\n    font-weight:700;\n    padding:16px 34px;\n    min-width:300px;\n    transition:.2s ease;\n    text-align:center;\n  }\n\n  .hc-trabalhe-conosco .portal-button:hover{\n    background:#7f0000;\n  }\n\n  @media (max-width:900px){\n    .hc-trabalhe-conosco .about-grid{\n      grid-template-columns:1fr;\n    }\n\n    .hc-trabalhe-conosco .image-box{\n      max-width:100%;\n    }\n\n    .hc-trabalhe-conosco .about-text p{\n      max-width:100%;\n    }\n  }\n\n  @media (max-width:768px){\n    .hc-trabalhe-conosco .top-area{\n      padding:28px 0 24px;\n    }\n\n    .hc-trabalhe-conosco .container{\n      width:100%;\n    }\n\n    .hc-trabalhe-conosco .main-title{\n      font-size:38px;\n    }\n\n    .hc-trabalhe-conosco .about-text h2{\n      font-size:24px;\n    }\n\n    .hc-trabalhe-conosco .about-text p{\n      font-size:15px;\n    }\n\n    .hc-trabalhe-conosco .image-box img{\n      height:240px;\n    }\n\n    .hc-trabalhe-conosco .vacancy-banner{\n      width:100%;\n      max-width:300px;\n      height:auto;\n      margin:0 auto;\n    }\n\n    .hc-trabalhe-conosco .vacancy-banner img{\n      width:100%;\n      height:auto;\n    }\n\n    .hc-trabalhe-conosco .portal-button{\n      width:100%;\n      min-width:0;\n      font-size:17px;\n    }\n  }\n<\/style>\n\n<section class=\"hc-trabalhe-conosco\">\n  <div class=\"top-area\">\n    <div class=\"container\">\n      <h1 class=\"main-title\">Trabalhe Conosco<\/h1>\n      <div class=\"title-line\"><\/div>\n    <\/div>\n  <\/div>\n\n  <div class=\"about-section\">\n    <div class=\"container\">\n      <div class=\"about-grid\">\n        <div class=\"about-text\">\n          <h2>\n            Hospital do Cora\u00e7\u00e3o de\n            <strong>Sobral<\/strong>\n          <\/h2>\n          <p>\n            O Hospital do Cora\u00e7\u00e3o de Sobral \u00e9 uma institui\u00e7\u00e3o de refer\u00eancia em assist\u00eancia \u00e0 sa\u00fade, reconhecida pelo compromisso com a qualidade, o cuidado humanizado e a excel\u00eancia no atendimento. Neste espa\u00e7o, voc\u00ea poder\u00e1 acompanhar oportunidades profissionais e acessar o portal de curr\u00edculos para participar dos processos seletivos da institui\u00e7\u00e3o. Buscamos profissionais comprometidos, \u00e9ticos e preparados para contribuir com a nossa miss\u00e3o institucional e com a promo\u00e7\u00e3o de um cuidado seguro, acolhedor e de excel\u00eancia para a popula\u00e7\u00e3o.\n          <\/p>\n        <\/div>\n\n        <div class=\"image-box\">\n          <img decoding=\"async\"\n            src=\"http:\/\/hcsobral.com.br\/wp-content\/uploads\/2026\/04\/hospital-do-coracao_portal_trabalhe_conosco.png\"\n            alt=\"Hospital do Cora\u00e7\u00e3o de Sobral\"\n          \/>\n        <\/div>\n      <\/div>\n    <\/div>\n  <\/div>\n\n  <div class=\"jobs-section\">\n    <div class=\"container\">\n      <div class=\"jobs-box\">\n        <div class=\"jobs-title\">\n          Lista de\n          <strong>Vagas<\/strong>\n        <\/div>\n\n        <div class=\"vacancies-grid\">\n\n          <!--\n          VAGA EXPIRADA - T\u00e9cnico de Enfermagem\n          Mantido comentado para n\u00e3o aparecer no site.\n\n          <div class=\"vacancy-banner\">\n            <img decoding=\"async\"\n              src=\"http:\/\/hcsobral.com.br\/wp-content\/uploads\/2026\/04\/tecnicoenfermagem.jpeg\"\n              alt=\"Sele\u00e7\u00e3o para T\u00e9cnico de Enfermagem\"\n            \/>\n          <\/div>\n          -->\n\n          <div class=\"vacancy-banner\">\n            <img decoding=\"async\"\n              src=\"http:\/\/hcsobral.com.br\/wp-content\/uploads\/2026\/05\/WhatsApp-Image-2026-05-08-at-16.11.42.jpeg\"\n              alt=\"Sele\u00e7\u00e3o para Jovem Aprendiz\"\n            \/>\n          <\/div>\n\n          <div class=\"vacancy-banner\">\n            <img decoding=\"async\"\n              src=\"http:\/\/hcsobral.com.br\/wp-content\/uploads\/2026\/05\/WhatsApp-Image-2026-05-07-at-17.25.34.jpeg\"\n              alt=\"Sele\u00e7\u00e3o para Cozinheiro\"\n            \/>\n          <\/div>\n\n        <\/div>\n\n        <div class=\"portal-area\">\n          <a\n            class=\"portal-button\"\n            href=\"http:\/\/177.44.182.111:9097\/wspV2\/public\/valid-curriculo.php\"\n            target=\"_blank\"\n            rel=\"noopener noreferrer\"\n          >\n            Acessar Portal de Curr\u00edculos\n          <\/a>\n        <\/div>\n\n      <\/div>\n    <\/div>\n  <\/div>\n<\/section>\n","protected":false},"excerpt":{"rendered":"<p>Trabalhe Conosco Hospital do Cora\u00e7\u00e3o de Sobral O Hospital do Cora\u00e7\u00e3o de Sobral \u00e9 uma institui\u00e7\u00e3o de refer\u00eancia em assist\u00eancia \u00e0 sa\u00fade, reconhecida pelo compromisso com a qualidade, o cuidado humanizado e a excel\u00eancia no atendimento. Neste espa\u00e7o, voc\u00ea poder\u00e1 acompanhar oportunidades profissionais e acessar o portal de curr\u00edculos para participar dos processos seletivos da [&hellip;]<\/p>\n","protected":false},"author":1,"featured_media":0,"parent":0,"menu_order":0,"comment_status":"closed","ping_status":"closed","template":"elementor_header_footer","meta":{"footnotes":""},"class_list":["post-5340","page","type-page","status-publish","hentry"],"_links":{"self":[{"href":"https:\/\/hcsobral.com.br\/index.php?rest_route=\/wp\/v2\/pages\/5340","targetHints":{"allow":["GET"]}}],"collection":[{"href":"https:\/\/hcsobral.com.br\/index.php?rest_route=\/wp\/v2\/pages"}],"about":[{"href":"https:\/\/hcsobral.com.br\/index.php?rest_route=\/wp\/v2\/types\/page"}],"author":[{"embeddable":true,"href":"https:\/\/hcsobral.com.br\/index.php?rest_route=\/wp\/v2\/users\/1"}],"replies":[{"embeddable":true,"href":"https:\/\/hcsobral.com.br\/index.php?rest_route=%2Fwp%2Fv2%2Fcomments&post=5340"}],"version-history":[{"count":41,"href":"https:\/\/hcsobral.com.br\/index.php?rest_route=\/wp\/v2\/pages\/5340\/revisions"}],"predecessor-version":[{"id":5433,"href":"https:\/\/hcsobral.com.br\/index.php?rest_route=\/wp\/v2\/pages\/5340\/revisions\/5433"}],"wp:attachment":[{"href":"https:\/\/hcsobral.com.br\/index.php?rest_route=%2Fwp%2Fv2%2Fmedia&parent=5340"}],"curies":[{"name":"wp","href":"https:\/\/api.w.org\/{rel}","templated":true}]}}