{"id":976,"date":"2022-07-18T13:49:36","date_gmt":"2022-07-18T16:49:36","guid":{"rendered":"http:\/\/hcsobral.com.br\/?page_id=976"},"modified":"2022-08-03T16:24:13","modified_gmt":"2022-08-03T19:24:13","slug":"comissoes","status":"publish","type":"page","link":"https:\/\/hcsobral.com.br\/?page_id=976","title":{"rendered":"Comiss\u00f5es"},"content":{"rendered":"\n<p>\u2022 <strong>Comiss\u00e3o de Controle de Infec\u00e7\u00f5es Relacionadas \u00e0 Assist\u00eancia \u00e0 Sa\u00fade (CCIRAS)<\/strong><\/p>\n\n\n\n<p><strong>Finalidade:<\/strong> Elaborar, implementar, manter e avaliar o Programa de Controle de Infec\u00e7\u00e3o Hospitalar, visando a preven\u00e7\u00e3o e controle das infec\u00e7\u00f5es hospitalares contribuindo para um atendimento de qualidade.<\/p>\n\n\n\n<p><strong>\u2022 Comiss\u00e3o de Les\u00e3o por Press\u00e3o<\/strong><\/p>\n\n\n\n<p><strong>Finalidade: <\/strong>Implementar e gerenciar a\u00e7\u00f5es preventivas aos clientes com risco de desenvolver LP, visando assim criar mecanismos para minimizar efetivamente complica\u00e7\u00f5es de sa\u00fade.<\/p>\n\n\n\n<p><strong>\u2022 Comiss\u00e3o de Farmacovigil\u00e2ncia<\/strong><\/p>\n\n\n\n<p><strong>Finalidade:<\/strong> Contribuir para a avalia\u00e7\u00e3o dos benef\u00edcios, danos, efetividade e riscos dos medicamentos, incentivando sua utiliza\u00e7\u00e3o de forma segura, racional e mais efetiva; promover a compreens\u00e3o, educa\u00e7\u00e3o e capacita\u00e7\u00e3o cl\u00ednica em farmacovigil\u00e2ncia e sua comunica\u00e7\u00e3o efetiva ao p\u00fablico.<\/p>\n\n\n\n<p><strong>\u2022 Comiss\u00e3o de Gerenciamento de Res\u00edduos em Servi\u00e7os de Sa\u00fade<\/strong><\/p>\n\n\n\n<p><strong>Finalidade: <\/strong>Organizar as regras de manipula\u00e7\u00e3o, gerenciamento, orienta\u00e7\u00e3o, armazenamento, recolhimento, bem como de transporte dos res\u00edduos gerados no Hospital do Cora\u00e7\u00e3o de Sobral.<\/p>\n\n\n\n<p><strong>\u2022 Comiss\u00e3o de Hemovigil\u00e2ncia<\/strong><\/p>\n\n\n\n<p><strong>Finalidade:<\/strong> recolher e avaliar informa\u00e7\u00f5es sobre os efeitos indesej\u00e1veis e\/ou inesperados da utiliza\u00e7\u00e3o de hemocomponentes, a fim de prevenir seu aparecimento ou recorr\u00eancia.<\/p>\n\n\n\n<p><strong>\u2022 Comiss\u00e3o de Padroniza\u00e7\u00e3o de Medicamentos e Materiais Hospitalares<\/strong><\/p>\n\n\n\n<p><strong>Finalidade: <\/strong>padronizar medicamentos e mat\u00e9rias hospitalares a serem utilizados na Institui\u00e7\u00e3o e assessorar a tomada de decis\u00e3o para a sele\u00e7\u00e3o, padroniza\u00e7\u00e3o, aquisi\u00e7\u00e3o, distribui\u00e7\u00e3o e uso dos medicamentos e materiais hospitalares dentro desta institui\u00e7\u00e3o de sa\u00fade.<\/p>\n\n\n\n<p>\u2022 <strong>Comiss\u00e3o de Prote\u00e7\u00e3o Radiol\u00f3gica<\/strong><\/p>\n\n\n\n<p><strong>Finalidade: <\/strong>garantir que os equipamentos sejam utilizados e os procedimentos sejam executados de forma adequada, observando-se os regulamentos vigentes de prote\u00e7\u00e3o radiol\u00f3gica, al\u00e9m de recomendar as medidas necess\u00e1rias para garantir o uso seguro dos equipamentos emissores de radia\u00e7\u00e3o, existentes na Institui\u00e7\u00e3o.<\/p>\n\n\n\n<p><strong>\u2022 Comiss\u00e3o Revis\u00e3o de Prontu\u00e1rios<\/strong><\/p>\n\n\n\n<p><strong>Finalidade:<\/strong> Conduzir os processos de avalia\u00e7\u00e3o dos aspectos \u00e9ticos e legais, conforme Resolu\u00e7\u00e3o CFM No 1.638\/2002, que define o que \u00e9 prontu\u00e1rio e torna obrigat\u00f3ria a cria\u00e7\u00e3o da Comiss\u00e3o de Revis\u00e3o de Prontu\u00e1rios. A Comiss\u00e3o de Revis\u00e3o de Prontu\u00e1rios deve atuar em estreita comunica\u00e7\u00e3o com as Comiss\u00f5es de \u00c9tica M\u00e9dica e de Enfermagem e segundo as disposi\u00e7\u00f5es deste Regimento, que por sua vez baseia-se, especialmente, na Resolu\u00e7\u00e3o CFM No 1.638\/2002.<\/p>\n\n\n\n<p>\u2022 <strong>Comiss\u00e3o de Revis\u00e3o de \u00d3bitos<\/strong><\/p>\n\n\n\n<p><strong>Finalidade:<\/strong> Revisar os casos de \u00f3bito e avaliar a qualidade da assist\u00eancia oferecida na institui\u00e7\u00e3o, buscado as ocorr\u00eancias de eventos adversos por falhas operacionais e t\u00e9cnicas e acidentes, possibilitando a corre\u00e7\u00e3o dos mesmos de forma justa e transparente.<\/p>\n\n\n\n<p>\u2022 <strong>Comiss\u00e3o de Tecnovigil\u00e2ncia<\/strong><\/p>\n\n\n\n<p><strong>Finalidade:<\/strong> Monitorar, agregar e analisar as notifica\u00e7\u00f5es de queixas t\u00e9cnicas e ocorr\u00eancia de eventos adversos com suspeita de envolvimento de equipamentos, produtos de diagn\u00f3stico de uso<em> in vitro <\/em>e materiais de uso em sa\u00fade em servi\u00e7os sujeitos a vigil\u00e2ncia sanit\u00e1ria.<\/p>\n\n\n\n<p>\u2022 <strong>Comiss\u00e3o do 5S<\/strong><\/p>\n\n\n\n<p><strong>Finalidade: <\/strong>Capacitar e motivar a todos que atuam na institui\u00e7\u00e3o para a ades\u00e3o do programa 5s, bem como para a sua manuten\u00e7\u00e3o; Gerenciar e participar das avalia\u00e7\u00f5es da ades\u00e3o do 5s na institui\u00e7\u00e3o.<\/p>\n\n\n\n<p>\u2022 <strong>Comiss\u00e3o de \u00c9tica de Enfermagem<\/strong><\/p>\n\n\n\n<p><strong>Finalidade:<\/strong> Fortalecer o componente \u00e9tico profissional de Enfermagem do Hospital do Cora\u00e7\u00e3o de Sobral, por meio da an\u00e1lise das intercorr\u00eancias notificadas, atrav\u00e9s das den\u00fancias formalizadas e\/ou auditoria.<\/p>\n\n\n\n<p><strong>\u2022 Comiss\u00e3o de \u00c9tica M\u00e9dica<\/strong><\/p>\n\n\n\n<p><strong>Finalidade: <\/strong>Supervisionar a \u00e9tica profissional na Institui\u00e7\u00e3o, representando os Conselhos Regional e Federal de Medicina. Apresenta as fun\u00e7\u00f5es opinativas, educativas e fiscalizadoras do desempenho \u00c9tico da Medicina.<\/p>\n\n\n\n<p>\u2022 <strong>Comiss\u00e3o Interna da Preven\u00e7\u00e3o de Acidentes (CIPA)<\/strong><\/p>\n\n\n\n<p><strong>Finalidade: <\/strong>Tem como objetivo a preven\u00e7\u00e3o de acidentes e doen\u00e7as decorrentes do trabalho, de modo a tornar compat\u00edvel permanentemente o trabalho com a preserva\u00e7\u00e3o da vida e a promo\u00e7\u00e3o da sa\u00fade do trabalhador.<\/p>\n\n\n\n<p>\u2022 <strong>Comit\u00ea da Experi\u00eancia do Paciente<\/strong><\/p>\n\n\n\n<p><strong>Finalidade:<\/strong> Estabelecer o alinhamento de boas pr\u00e1ticas para o aprimoramento da experi\u00eancia do paciente na institui\u00e7\u00e3o. A experi\u00eancia do paciente, por sua vez, define-se pela somat\u00f3ria de todas as intera\u00e7\u00f5es, moldadas pela cultura da organiza\u00e7\u00e3o, que influenciam a percep\u00e7\u00e3o do paciente por meio da continuidade do cuidado.<\/p>\n\n\n\n<p>\u2022 <strong>Comit\u00ea da Qualidade<\/strong><\/p>\n\n\n\n<p><strong>Finalidade: <\/strong>Sensibilizar todos os profissionais que atuam no Hospital do Cora\u00e7\u00e3o para utiliza\u00e7\u00e3o das ferramentas da Qualidade; Zelar pela padroniza\u00e7\u00e3o dos processos em todo o Hospital; Supervisionar a implanta\u00e7\u00e3o dos manuais de todos os processos; Auxiliar a Gest\u00e3o da Qualidade a promover e coordenar as a\u00e7\u00f5es, eventos que dizem respeito \u00e0 qualidade; Assessorar e estimular os colaboradores em assuntos voltados a acredita\u00e7\u00e3o, qualidade e gest\u00e3o; Desenvolver potencialidades e multiplicadores nos conceitos de Gest\u00e3o da Qualidade.<\/p>\n\n\n\n<p>\u2022 <strong>Equipe Multiprofissional de Terapia Nutricional (EMTN)<\/strong><\/p>\n\n\n\n<p><strong>Finalidade:<\/strong> Executar, supervisionar e avaliar permanentemente todas as etapas da terapia Nutricional; Estabelecer contratos por escrito com servi\u00e7os de terceiros, devidamente licenciados para operacionaliza\u00e7\u00e3o total ou parcial da Terapia Nutricional; Prestar informa\u00e7\u00f5es e ou proceder a entrega de documentos para os \u00f3rg\u00e3os competentes sempre que houver solicita\u00e7\u00e3o.<\/p>\n\n\n\n<p>\u2022 <strong>Grupo de Humaniza\u00e7\u00e3o<\/strong><\/p>\n\n\n\n<p><strong>Finalidade: <\/strong>Estudar a Pol\u00edtica Nacional de Humaniza\u00e7\u00e3o e pensar em estrat\u00e9gias para tornar o ambiente hospitalar mais humanizado para pacientes e profissionais.<\/p>\n","protected":false},"excerpt":{"rendered":"<p>\u2022 Comiss\u00e3o de Controle de Infec\u00e7\u00f5es Relacionadas \u00e0 Assist\u00eancia \u00e0 Sa\u00fade (CCIRAS) Finalidade: Elaborar, implementar, manter e avaliar o Programa de Controle de Infec\u00e7\u00e3o Hospitalar, visando a preven\u00e7\u00e3o e controle das infec\u00e7\u00f5es hospitalares contribuindo para um atendimento de qualidade. \u2022 Comiss\u00e3o de Les\u00e3o por Press\u00e3o Finalidade: Implementar e gerenciar a\u00e7\u00f5es preventivas aos clientes com risco [&hellip;]<\/p>\n","protected":false},"author":1,"featured_media":0,"parent":0,"menu_order":0,"comment_status":"closed","ping_status":"closed","template":"","meta":{"_editorskit_title_hidden":false,"_editorskit_reading_time":0,"_editorskit_is_block_options_detached":false,"_editorskit_block_options_position":"{}","footnotes":""},"class_list":["post-976","page","type-page","status-publish","hentry"],"_links":{"self":[{"href":"https:\/\/hcsobral.com.br\/index.php?rest_route=\/wp\/v2\/pages\/976","targetHints":{"allow":["GET"]}}],"collection":[{"href":"https:\/\/hcsobral.com.br\/index.php?rest_route=\/wp\/v2\/pages"}],"about":[{"href":"https:\/\/hcsobral.com.br\/index.php?rest_route=\/wp\/v2\/types\/page"}],"author":[{"embeddable":true,"href":"https:\/\/hcsobral.com.br\/index.php?rest_route=\/wp\/v2\/users\/1"}],"replies":[{"embeddable":true,"href":"https:\/\/hcsobral.com.br\/index.php?rest_route=%2Fwp%2Fv2%2Fcomments&post=976"}],"version-history":[{"count":3,"href":"https:\/\/hcsobral.com.br\/index.php?rest_route=\/wp\/v2\/pages\/976\/revisions"}],"predecessor-version":[{"id":1041,"href":"https:\/\/hcsobral.com.br\/index.php?rest_route=\/wp\/v2\/pages\/976\/revisions\/1041"}],"wp:attachment":[{"href":"https:\/\/hcsobral.com.br\/index.php?rest_route=%2Fwp%2Fv2%2Fmedia&parent=976"}],"curies":[{"name":"wp","href":"https:\/\/api.w.org\/{rel}","templated":true}]}}